{"id":1971,"date":"2025-07-08T12:57:27","date_gmt":"2025-07-08T12:57:27","guid":{"rendered":"https:\/\/elementor-kits-06.nicdark.com\/?page_id=1971"},"modified":"2026-04-05T14:38:08","modified_gmt":"2026-04-05T14:38:08","slug":"accommodation","status":"publish","type":"page","link":"https:\/\/www.hayekgroupsaglikturizm.com\/fr\/accommodation\/","title":{"rendered":"H\u00e9bergement"},"content":{"rendered":"<div data-elementor-type=\"wp-page\" data-elementor-id=\"1971\" class=\"elementor elementor-1971\" data-elementor-post-type=\"page\">\n\t\t\t\t<div class=\"elementor-element elementor-element-180542b1 e-flex e-con-boxed e-con e-parent\" data-id=\"180542b1\" data-element_type=\"container\" data-e-type=\"container\" data-settings=\"{&quot;background_background&quot;:&quot;classic&quot;}\">\n\t\t\t\t\t<div class=\"e-con-inner\">\n\t\t<div class=\"elementor-element elementor-element-11b036ee e-con-full e-flex elementor-invisible e-con e-child\" data-id=\"11b036ee\" data-element_type=\"container\" data-e-type=\"container\" data-settings=\"{&quot;animation&quot;:&quot;fadeInUp&quot;,&quot;animation_delay&quot;:&quot;200&quot;}\">\n\t\t\t\t<div class=\"elementor-element elementor-element-12d0de57 elementor-widget elementor-widget-heading\" data-id=\"12d0de57\" data-element_type=\"widget\" data-e-type=\"widget\" data-widget_type=\"heading.default\">\n\t\t\t\t\t<h5 class=\"elementor-heading-title elementor-size-default\">Agence de tourisme m\u00e9dical<\/h5>\t\t\t\t<\/div>\n\t\t\t\t<\/div>\n\t\t\t\t\t<\/div>\n\t\t\t\t<\/div>\n\t\t<div class=\"elementor-element elementor-element-34dc708b e-flex e-con-boxed e-con e-parent\" data-id=\"34dc708b\" data-element_type=\"container\" data-e-type=\"container\" data-settings=\"{&quot;background_background&quot;:&quot;classic&quot;}\">\n\t\t\t\t\t<div class=\"e-con-inner\">\n\t\t<div class=\"elementor-element elementor-element-1959548d e-con-full e-flex e-con e-child\" data-id=\"1959548d\" data-element_type=\"container\" data-e-type=\"container\">\n\t\t<div class=\"elementor-element elementor-element-23c4dd6 e-con-full e-flex e-con e-child\" data-id=\"23c4dd6\" data-element_type=\"container\" data-e-type=\"container\">\n\t\t\t\t<div class=\"elementor-element elementor-element-7713bc4b elementor--v-position-bottom elementor--h-position-center elementor-arrows-position-inside elementor-pagination-position-inside elementor-invisible elementor-widget elementor-widget-slides\" data-id=\"7713bc4b\" data-element_type=\"widget\" data-e-type=\"widget\" data-settings=\"{&quot;transition&quot;:&quot;fade&quot;,&quot;_animation&quot;:&quot;fadeIn&quot;,&quot;_animation_delay&quot;:&quot;200&quot;,&quot;navigation&quot;:&quot;both&quot;,&quot;autoplay&quot;:&quot;yes&quot;,&quot;pause_on_hover&quot;:&quot;yes&quot;,&quot;pause_on_interaction&quot;:&quot;yes&quot;,&quot;autoplay_speed&quot;:5000,&quot;infinite&quot;:&quot;yes&quot;,&quot;transition_speed&quot;:500}\" data-widget_type=\"slides.default\">\n\t\t\t\t\t\t\t\t\t\t<div class=\"elementor-slides-wrapper elementor-main-swiper swiper\" role=\"region\" aria-roledescription=\"carousel\" aria-label=\"Slides\" dir=\"ltr\" data-animation=\"fadeInUp\">\n\t\t\t\t<div class=\"swiper-wrapper elementor-slides\">\n\t\t\t\t\t\t\t\t\t\t<div class=\"elementor-repeater-item-9cb7d37 swiper-slide\" role=\"group\" aria-roledescription=\"slide\"><div class=\"swiper-slide-bg\" role=\"img\" aria-label=\"ff511cf163e308fa605618e4c4f8de14\"><\/div><div class=\"elementor-background-overlay\"><\/div><div class=\"swiper-slide-inner\" ><div class=\"swiper-slide-contents\"><\/div><\/div><\/div><div class=\"elementor-repeater-item-945d97f swiper-slide\" role=\"group\" aria-roledescription=\"slide\"><div class=\"swiper-slide-bg\" role=\"img\" aria-label=\"e630db9e931df9ea09a6090cf5dbfa89\"><\/div><div class=\"elementor-background-overlay\"><\/div><div class=\"swiper-slide-inner\" ><div class=\"swiper-slide-contents\"><\/div><\/div><\/div>\t\t\t\t<\/div>\n\t\t\t\t\t\t\t\t\t\t\t\t\t\t\t<div class=\"elementor-swiper-button elementor-swiper-button-prev\" role=\"button\" tabindex=\"0\" aria-label=\"Previous slide\">\n\t\t\t\t\t\t\t<svg aria-hidden=\"true\" class=\"e-font-icon-svg e-eicon-chevron-left\" viewbox=\"0 0 1000 1000\" xmlns=\"http:\/\/www.w3.org\/2000\/svg\"><path d=\"M646 125C629 125 613 133 604 142L308 442C296 454 292 471 292 487 292 504 296 521 308 533L604 854C617 867 629 875 646 875 663 875 679 871 692 858 704 846 713 829 713 812 713 796 708 779 692 767L438 487 692 225C700 217 708 204 708 187 708 171 704 154 692 142 675 129 663 125 646 125Z\"><\/path><\/svg>\t\t\t\t\t\t<\/div>\n\t\t\t\t\t\t<div class=\"elementor-swiper-button elementor-swiper-button-next\" role=\"button\" tabindex=\"0\" aria-label=\"Next slide\">\n\t\t\t\t\t\t\t<svg aria-hidden=\"true\" class=\"e-font-icon-svg e-eicon-chevron-right\" viewbox=\"0 0 1000 1000\" xmlns=\"http:\/\/www.w3.org\/2000\/svg\"><path d=\"M696 533C708 521 713 504 713 487 713 471 708 454 696 446L400 146C388 133 375 125 354 125 338 125 325 129 313 142 300 154 292 171 292 187 292 204 296 221 308 233L563 492 304 771C292 783 288 800 288 817 288 833 296 850 308 863 321 871 338 875 354 875 371 875 388 867 400 854L696 533Z\"><\/path><\/svg>\t\t\t\t\t\t<\/div>\n\t\t\t\t\t\t\t\t\t\t\t\t\t\t\t\t<div class=\"swiper-pagination\"><\/div>\n\t\t\t\t\t\t\t\t\t\t\t\t<\/div>\n\t\t\t\t\t\t\t\t<\/div>\n\t\t\t\t<\/div>\n\t\t<div class=\"elementor-element elementor-element-63616dc9 e-con-full e-flex elementor-invisible e-con e-child\" data-id=\"63616dc9\" data-element_type=\"container\" data-e-type=\"container\" data-settings=\"{&quot;animation&quot;:&quot;fadeIn&quot;,&quot;animation_delay&quot;:&quot;400&quot;}\">\n\t\t\t\t<div class=\"elementor-element elementor-element-6929b417 elementor-widget elementor-widget-heading\" data-id=\"6929b417\" data-element_type=\"widget\" data-e-type=\"widget\" data-widget_type=\"heading.default\">\n\t\t\t\t\t<h2 class=\"elementor-heading-title elementor-size-default\">Services d'h\u00e9bergement en Turquie<\/h2>\t\t\t\t<\/div>\n\t\t\t\t<div class=\"elementor-element elementor-element-60219152 elementor-widget elementor-widget-heading\" data-id=\"60219152\" data-element_type=\"widget\" data-e-type=\"widget\" data-widget_type=\"heading.default\">\n\t\t\t\t\t<p class=\"elementor-heading-title elementor-size-default\">Nous proposons une large gamme d'options d'h\u00e9bergement con\u00e7ues pour rendre votre s\u00e9jour en Turquie confortable, relaxant et sans stress pendant votre parcours m\u00e9dical. Que vous pr\u00e9f\u00e9riez des h\u00f4tels luxueux de 4 ou 5 \u00e9toiles ou une exp\u00e9rience de vie plus locale, notre \u00e9quipe veille \u00e0 ce que vous et vos compagnons vous sentiez chez vous tout au long de votre visite.\n\n\n<\/p>\t\t\t\t<\/div>\n\t\t\t\t<div class=\"elementor-element elementor-element-3a9ebf6 elementor-widget elementor-widget-heading\" data-id=\"3a9ebf6\" data-element_type=\"widget\" data-e-type=\"widget\" data-widget_type=\"heading.default\">\n\t\t\t\t\t<p class=\"elementor-heading-title elementor-size-default\"><p data-start=\"508\" data-end=\"528\"><strong data-start=\"508\" data-end=\"526\">What We Offer:<\/strong><\/p><ul data-start=\"529\" data-end=\"817\"><li data-section-id=\"1ela7xs\" data-start=\"529\" data-end=\"607\">\nR\u00e9servations d'h\u00f4tels dans des quartiers centraux \u00e0 proximit\u00e9 des h\u00f4pitaux et centres m\u00e9dicaux\n<\/li>\n<li data-section-id=\"13w0kab\" data-start=\"608\" data-end=\"672\">\nDes chambres \u00e9quip\u00e9es de tout le confort moderne pour un s\u00e9jour relaxant\n<\/li>\n<li data-section-id=\"1b9lpr1\" data-start=\"673\" data-end=\"745\">\nAcc\u00e8s facile aux centres commerciaux, aux restaurants et aux sites culturels\n<\/li>\n<li data-section-id=\"1a4yg3a\" data-start=\"746\" data-end=\"817\">\nPlans d'h\u00e9bergement personnalis\u00e9s en fonction de vos pr\u00e9f\u00e9rences et de votre budget\n<\/li>\n<\/ul>\n<p data-start=\"819\" data-end=\"1051\"><\/p>\n\n<\/p>\t\t\t\t<\/div>\n\t\t\t\t<div class=\"elementor-element elementor-element-396e083 elementor-widget elementor-widget-heading\" data-id=\"396e083\" data-element_type=\"widget\" data-e-type=\"widget\" data-widget_type=\"heading.default\">\n\t\t\t\t\t<p class=\"elementor-heading-title elementor-size-default\">En tant que membres de l'Association des Agences de Voyage Turques (T\u00dcRSAB), nous garantissons un service de confiance et professionnel \u00e0 tous nos clients. Notre \u00e9quipe travaille en \u00e9troite collaboration avec des h\u00f4tels partenaires pour s'assurer que vos besoins soient satisfaits \u00e0 chaque \u00e9tape de votre s\u00e9jour.<\/p>\t\t\t\t<\/div>\n\t\t\t\t<\/div>\n\t\t\t\t<\/div>\n\t\t<div class=\"elementor-element elementor-element-67c7e389 e-con-full e-flex e-con e-child\" data-id=\"67c7e389\" data-element_type=\"container\" data-e-type=\"container\">\n\t\t<div class=\"elementor-element elementor-element-9940533 e-con-full e-flex e-con e-child\" data-id=\"9940533\" data-element_type=\"container\" data-e-type=\"container\">\n\t\t\t\t<div class=\"elementor-element elementor-element-07b0510 elementor-widget elementor-widget-spacer\" data-id=\"07b0510\" data-element_type=\"widget\" data-e-type=\"widget\" data-widget_type=\"spacer.default\">\n\t\t\t\t\t\t\t<div class=\"elementor-spacer\">\n\t\t\t<div class=\"elementor-spacer-inner\"><\/div>\n\t\t<\/div>\n\t\t\t\t\t\t<\/div>\n\t\t\t\t<\/div>\n\t\t\t\t<\/div>\n\t\t\t\t\t<\/div>\n\t\t\t\t<\/div>\n\t\t\t\t<\/div>","protected":false},"excerpt":{"rendered":"<p>Accommodation Services in Turkey We provide a wide range of accommodation options designed to make your stay in Turkey comfortable, relaxing, and stress-free during your medical journey. Whether you prefer luxurious 4 or 5-star hotels or a more local-style living experience, our team ensures that you and your companions feel at home throughout your visit. [&hellip;]<\/p>\n","protected":false},"author":1,"featured_media":0,"parent":0,"menu_order":0,"comment_status":"closed","ping_status":"closed","template":"","meta":{"_monsterinsights_skip_tracking":false,"_monsterinsights_sitenote_active":false,"_monsterinsights_sitenote_note":"","_monsterinsights_sitenote_category":0,"footnotes":""},"class_list":["post-1971","page","type-page","status-publish","hentry"],"aioseo_notices":[],"_links":{"self":[{"href":"https:\/\/www.hayekgroupsaglikturizm.com\/fr\/wp-json\/wp\/v2\/pages\/1971","targetHints":{"allow":["GET"]}}],"collection":[{"href":"https:\/\/www.hayekgroupsaglikturizm.com\/fr\/wp-json\/wp\/v2\/pages"}],"about":[{"href":"https:\/\/www.hayekgroupsaglikturizm.com\/fr\/wp-json\/wp\/v2\/types\/page"}],"author":[{"embeddable":true,"href":"https:\/\/www.hayekgroupsaglikturizm.com\/fr\/wp-json\/wp\/v2\/users\/1"}],"replies":[{"embeddable":true,"href":"https:\/\/www.hayekgroupsaglikturizm.com\/fr\/wp-json\/wp\/v2\/comments?post=1971"}],"version-history":[{"count":6,"href":"https:\/\/www.hayekgroupsaglikturizm.com\/fr\/wp-json\/wp\/v2\/pages\/1971\/revisions"}],"predecessor-version":[{"id":2971,"href":"https:\/\/www.hayekgroupsaglikturizm.com\/fr\/wp-json\/wp\/v2\/pages\/1971\/revisions\/2971"}],"wp:attachment":[{"href":"https:\/\/www.hayekgroupsaglikturizm.com\/fr\/wp-json\/wp\/v2\/media?parent=1971"}],"curies":[{"name":"wp","href":"https:\/\/api.w.org\/{rel}","templated":true}]}}